{"id":911,"date":"2022-11-25T11:29:11","date_gmt":"2022-11-25T11:29:11","guid":{"rendered":"https:\/\/ongulpt.org\/?page_id=911"},"modified":"2024-03-18T11:50:04","modified_gmt":"2024-03-18T11:50:04","slug":"accueil","status":"publish","type":"page","link":"https:\/\/ongulpt.org\/","title":{"rendered":"Accueil"},"content":{"rendered":"<div id=\"pl-911\"  class=\"panel-layout\" ><div id=\"pg-911-0\"  class=\"panel-grid panel-no-style\" ><div id=\"pgc-911-0-0\"  class=\"panel-grid-cell\" ><div id=\"panel-911-0-0-0\" class=\"so-panel widget widget_black-studio-tinymce widget_black_studio_tinymce panel-first-child panel-last-child\" data-index=\"0\" ><div class=\"textwidget\"><hr \/>\n<p style=\"text-align: center;\"><span style=\"font-size: 14pt;\"><strong>QUELQUES ACTIVIT\u00c9S<\/strong><\/span><\/p>\n<\/div><\/div><\/div><\/div><div id=\"pg-911-1\"  class=\"panel-grid panel-no-style\" ><div id=\"pgc-911-1-0\"  class=\"panel-grid-cell\" ><div id=\"panel-911-1-0-0\" class=\"so-panel widget widget_black-studio-tinymce widget_black_studio_tinymce panel-first-child panel-last-child\" data-index=\"1\" ><div class=\"textwidget\"><p><a title=\"Pr\u00e9sentation\" href=\"https:\/\/ongulpt.org\/?page_id=916\"><img class=\"wp-image-962 size-full aligncenter\" src=\"http:\/\/ongulpt.org\/wp-content\/uploads\/2022\/11\/design-accueil-unlpt1.png\" alt=\"\" width=\"330\" height=\"330\" \/><\/a><\/p>\n<\/div><\/div><\/div><div id=\"pgc-911-1-1\"  class=\"panel-grid-cell\" ><div id=\"panel-911-1-1-0\" class=\"so-panel widget widget_black-studio-tinymce widget_black_studio_tinymce panel-first-child panel-last-child\" data-index=\"2\" ><div class=\"textwidget\"><p><a title=\"Pr\u00e9sentation\" href=\"https:\/\/ongulpt.org\/?page_id=916\"><img class=\"wp-image-963 size-full aligncenter\" src=\"http:\/\/ongulpt.org\/wp-content\/uploads\/2022\/11\/design-accueil-unlpt2.png\" alt=\"\" width=\"330\" height=\"330\" \/><\/a><\/p>\n<\/div><\/div><\/div><div id=\"pgc-911-1-2\"  class=\"panel-grid-cell\" ><div id=\"panel-911-1-2-0\" class=\"so-panel widget widget_black-studio-tinymce widget_black_studio_tinymce panel-first-child panel-last-child\" data-index=\"3\" ><div class=\"textwidget\"><p><a title=\"Pr\u00e9sentation\" href=\"https:\/\/ongulpt.org\/?page_id=916\"><img class=\"aligncenter wp-image-964 size-full\" src=\"http:\/\/ongulpt.org\/wp-content\/uploads\/2022\/11\/design-accueil-unlpt3.png\" alt=\"\" width=\"330\" height=\"330\" \/><\/a><\/p>\n<\/div><\/div><\/div><\/div><div id=\"pg-911-2\"  class=\"panel-grid panel-no-style\" ><div id=\"pgc-911-2-0\"  class=\"panel-grid-cell\" ><div id=\"panel-911-2-0-0\" class=\"so-panel widget widget_black-studio-tinymce widget_black_studio_tinymce panel-first-child panel-last-child\" data-index=\"4\" ><div class=\"textwidget\"><p><a title=\"Pr\u00e9sentation\" href=\"https:\/\/ongulpt.org\/?page_id=916\" target=\"_blank\" rel=\"noopener\"><img class=\"aligncenter wp-image-1010 size-full\" src=\"http:\/\/ongulpt.org\/wp-content\/uploads\/2022\/12\/Voir-plus.png\" alt=\"\" width=\"87\" height=\"91\" \/><\/a><\/p>\n<\/div><\/div><\/div><\/div><div id=\"pg-911-3\"  class=\"panel-grid panel-no-style\" ><div id=\"pgc-911-3-0\"  class=\"panel-grid-cell\" ><div id=\"panel-911-3-0-0\" class=\"so-panel widget widget_black-studio-tinymce widget_black_studio_tinymce panel-first-child panel-last-child\" data-index=\"5\" ><div class=\"textwidget\"><hr \/>\n<\/div><\/div><\/div><\/div><div id=\"pg-911-4\"  class=\"panel-grid panel-has-style\" ><div class=\"panel-row-style panel-row-style-for-911-4\" ><div id=\"pgc-911-4-0\"  class=\"panel-grid-cell\" ><div id=\"panel-911-4-0-0\" class=\"so-panel widget widget_black-studio-tinymce widget_black_studio_tinymce panel-first-child panel-last-child\" data-index=\"6\" ><div class=\"textwidget\"><p style=\"text-align: center;\"><a title=\"Adh\u00e9sion\" href=\"https:\/\/ongulpt.org\/?page_id=1121\"><span style=\"font-size: 18pt; color: #ffffff;\"><strong>ADH\u00c9RER ICI<\/strong><\/span><\/a><\/p>\n<\/div><\/div><\/div><div id=\"pgc-911-4-1\"  class=\"panel-grid-cell\" ><div id=\"panel-911-4-1-0\" class=\"so-panel widget widget_black-studio-tinymce widget_black_studio_tinymce panel-first-child panel-last-child\" data-index=\"7\" ><div class=\"textwidget\"><p><div style=\"width: 640px;\" class=\"wp-video\"><!--[if lt IE 9]><script>document.createElement('video');<\/script><![endif]-->\n<video class=\"wp-video-shortcode\" id=\"video-911-1\" width=\"640\" height=\"5\" loop=\"1\" autoplay=\"1\" preload=\"auto\" controls=\"controls\"><source type=\"video\/mp4\" src=\"http:\/\/ongulpt.org\/wp-content\/uploads\/2023\/11\/Presentation-ong-esfa.mp4?_=1\" \/><a href=\"http:\/\/ongulpt.org\/wp-content\/uploads\/2023\/11\/Presentation-ong-esfa.mp4\">http:\/\/ongulpt.org\/wp-content\/uploads\/2023\/11\/Presentation-ong-esfa.mp4<\/a><\/video><\/div><\/p>\n<p style=\"text-align: center;\"><span style=\"font-size: 36pt; color: #ffffff;\">\u2665<\/span><\/p>\n<\/div><\/div><\/div><div id=\"pgc-911-4-2\"  class=\"panel-grid-cell\" ><div id=\"panel-911-4-2-0\" class=\"so-panel widget widget_black-studio-tinymce widget_black_studio_tinymce panel-first-child panel-last-child\" data-index=\"8\" ><div class=\"textwidget\"><p style=\"text-align: center;\"><a title=\"\u00catre b\u00e9n\u00e9voles\" href=\"https:\/\/ongulpt.org\/?page_id=925\"><span style=\"font-size: 18pt; color: #ffffff;\"><strong>\u00caTRE B\u00c9N\u00c9VOLE<\/strong><\/span><\/a><\/p>\n<\/div><\/div><\/div><\/div><\/div><div id=\"pg-911-5\"  class=\"panel-grid panel-no-style\" ><div id=\"pgc-911-5-0\"  class=\"panel-grid-cell\" ><div id=\"panel-911-5-0-0\" class=\"so-panel widget widget_black-studio-tinymce widget_black_studio_tinymce panel-first-child panel-last-child\" data-index=\"9\" ><div class=\"textwidget\"><hr \/>\n<p style=\"text-align: center;\"><span style=\"font-size: 14pt;\"><strong>ACTUALIT\u00c9<\/strong><\/span><\/p>\n<\/div><\/div><\/div><\/div><\/div>","protected":false},"excerpt":{"rendered":"<p>QUELQUES ACTIVIT\u00c9S<\/p>\n","protected":false},"author":1,"featured_media":0,"parent":0,"menu_order":0,"comment_status":"closed","ping_status":"closed","template":"","meta":{"om_disable_all_campaigns":false,"_mi_skip_tracking":false,"kt_blocks_editor_width":""},"aioseo_notices":[],"_links":{"self":[{"href":"https:\/\/ongulpt.org\/index.php?rest_route=\/wp\/v2\/pages\/911"}],"collection":[{"href":"https:\/\/ongulpt.org\/index.php?rest_route=\/wp\/v2\/pages"}],"about":[{"href":"https:\/\/ongulpt.org\/index.php?rest_route=\/wp\/v2\/types\/page"}],"author":[{"embeddable":true,"href":"https:\/\/ongulpt.org\/index.php?rest_route=\/wp\/v2\/users\/1"}],"replies":[{"embeddable":true,"href":"https:\/\/ongulpt.org\/index.php?rest_route=%2Fwp%2Fv2%2Fcomments&post=911"}],"version-history":[{"count":71,"href":"https:\/\/ongulpt.org\/index.php?rest_route=\/wp\/v2\/pages\/911\/revisions"}],"predecessor-version":[{"id":1608,"href":"https:\/\/ongulpt.org\/index.php?rest_route=\/wp\/v2\/pages\/911\/revisions\/1608"}],"wp:attachment":[{"href":"https:\/\/ongulpt.org\/index.php?rest_route=%2Fwp%2Fv2%2Fmedia&parent=911"}],"curies":[{"name":"wp","href":"https:\/\/api.w.org\/{rel}","templated":true}]}}