{"id":919,"date":"2022-11-25T12:05:42","date_gmt":"2022-11-25T12:05:42","guid":{"rendered":"https:\/\/ongulpt.org\/?page_id=919"},"modified":"2022-12-03T14:24:35","modified_gmt":"2022-12-03T14:24:35","slug":"notre-equipe","status":"publish","type":"page","link":"https:\/\/ongulpt.org\/?page_id=919","title":{"rendered":"Notre \u00e9quipe"},"content":{"rendered":"<div id=\"pl-919\"  class=\"panel-layout\" ><div id=\"pg-919-0\"  class=\"panel-grid panel-no-style\" ><div id=\"pgc-919-0-0\"  class=\"panel-grid-cell\" ><div id=\"panel-919-0-0-0\" class=\"so-panel widget widget_black-studio-tinymce widget_black_studio_tinymce panel-first-child panel-last-child\" data-index=\"0\" ><div class=\"textwidget\"><p><div class=\"row all-team tbms-container-1017\">\n\t\t\t\t<div class=\"col-md-3 single-team\">\n\t\t\t\t\t \t\t\t\t\t\t\t<div class=\"team-block_1017 content-center_1017\">\n\t\t\t\t\t\t\t\t<img src=\"https:\/\/ongulpt.org\/wp-content\/uploads\/2022\/12\/team1-300x300.jpeg\" class=\"img-responsive\" alt=\"\">\n\t\t\t\t\t\t\t\t<div class=\"team-three-content\">\n\t\t\t\t\t\t\t\t\t\t\t\t\t\t\t\t\t\t\t<h3>DIBY C\u00e9sarine<\/h3>\t\t\t\t\t\t\t\t\t\t\t\t\t\t\t\t\t\t\t<em>Pr\u00e9sidente<\/em>\t\t\t\t\t\t\t\t\t\t\t\t\t\t\t\t\t\t<div class=\"tb-socio_1017\">\n\t\t\t\t\t\t\t\t\t\t\t\t\t\t\t\t\t\t\t\t\t<a href=\"#\" target=\"_blank\"><i class=\"fa fa-facebook\"><\/i><\/a>\t\t\t\t\t\t\t\t\t\t\t\t\t\t\t\t\t\t\t\t\t<a href=\"#\" target=\"_blank\"><i class=\"fa fa-twitter\"><\/i><\/a> \t\t\t\t\t\t\t\t\t\t\t\t\t\t\t\t\t\t\t\t\t<a href=\"#\" target=\"_blank\"><i class=\"fa fa-linkedin\"><\/i><\/a>\t\t\t\t\t\t\t\t\t<\/div>\n\t\t\t\t\t\t\t\t<\/div>\n\t\t\t\t\t\t\t<\/div>\n\t\t\t\t\t\t\t\t\t\t<\/div>\n\t\t\t\t\t\t\t\t<div class=\"col-md-3 single-team\">\n\t\t\t\t\t \t\t\t\t\t\t\t<div class=\"team-block_1017 content-center_1017\">\n\t\t\t\t\t\t\t\t<img src=\"https:\/\/ongulpt.org\/wp-content\/uploads\/2022\/12\/team2-300x300.jpeg\" class=\"img-responsive\" alt=\"\">\n\t\t\t\t\t\t\t\t<div class=\"team-three-content\">\n\t\t\t\t\t\t\t\t\t\t\t\t\t\t\t\t\t\t\t<h3>AYIVOR Jean L\u00e9a<\/h3>\t\t\t\t\t\t\t\t\t\t\t\t\t\t\t\t\t\t\t<em>Vice Pr\u00e9sidente<\/em>\t\t\t\t\t\t\t\t\t\t\t\t\t\t\t\t\t\t<div class=\"tb-socio_1017\">\n\t\t\t\t\t\t\t\t\t\t\t\t\t\t\t\t\t\t\t\t\t<a href=\"#\" target=\"_blank\"><i class=\"fa fa-facebook\"><\/i><\/a>\t\t\t\t\t\t\t\t\t\t\t\t\t\t\t\t\t\t\t\t\t<a href=\"#\" target=\"_blank\"><i class=\"fa fa-twitter\"><\/i><\/a> \t\t\t\t\t\t\t\t\t\t\t\t\t\t\t\t\t\t\t\t\t<a href=\"#\" target=\"_blank\"><i class=\"fa fa-linkedin\"><\/i><\/a>\t\t\t\t\t\t\t\t\t<\/div>\n\t\t\t\t\t\t\t\t<\/div>\n\t\t\t\t\t\t\t<\/div>\n\t\t\t\t\t\t\t\t\t\t<\/div>\n\t\t\t\t\t\t\t\t<div class=\"col-md-3 single-team\">\n\t\t\t\t\t \t\t\t\t\t\t\t<div class=\"team-block_1017 content-center_1017\">\n\t\t\t\t\t\t\t\t<img src=\"https:\/\/ongulpt.org\/wp-content\/uploads\/2022\/12\/team3-300x300.jpeg\" class=\"img-responsive\" alt=\"\">\n\t\t\t\t\t\t\t\t<div class=\"team-three-content\">\n\t\t\t\t\t\t\t\t\t\t\t\t\t\t\t\t\t\t\t<h3>Bamori COULIBALY<\/h3>\t\t\t\t\t\t\t\t\t\t\t\t\t\t\t\t\t\t\t<em>Tr\u00e9sorier G\u00e9n\u00e9ral<\/em>\t\t\t\t\t\t\t\t\t\t\t\t\t\t\t\t\t\t<div class=\"tb-socio_1017\">\n\t\t\t\t\t\t\t\t\t\t\t\t\t\t\t\t\t\t\t\t\t<a href=\"#\" target=\"_blank\"><i class=\"fa fa-facebook\"><\/i><\/a>\t\t\t\t\t\t\t\t\t\t\t\t\t\t\t\t\t\t\t\t\t<a href=\"#\" target=\"_blank\"><i class=\"fa fa-twitter\"><\/i><\/a> \t\t\t\t\t\t\t\t\t\t\t\t\t\t\t\t\t\t\t\t\t<a href=\"#\" target=\"_blank\"><i class=\"fa fa-linkedin\"><\/i><\/a>\t\t\t\t\t\t\t\t\t<\/div>\n\t\t\t\t\t\t\t\t<\/div>\n\t\t\t\t\t\t\t<\/div>\n\t\t\t\t\t\t\t\t\t\t<\/div>\n\t\t\t\t\t\t\t\t<div class=\"col-md-3 single-team\">\n\t\t\t\t\t \t\t\t\t\t\t\t<div class=\"team-block_1017 content-center_1017\">\n\t\t\t\t\t\t\t\t<img src=\"https:\/\/ongulpt.org\/wp-content\/uploads\/2022\/12\/team4-300x300.png\" class=\"img-responsive\" alt=\"\">\n\t\t\t\t\t\t\t\t<div class=\"team-three-content\">\n\t\t\t\t\t\t\t\t\t\t\t\t\t\t\t\t\t\t\t<h3>GBADJ\u00c9 Jean Eudes<\/h3>\t\t\t\t\t\t\t\t\t\t\t\t\t\t\t\t\t\t\t<em>Secr\u00e9taire<\/em>\t\t\t\t\t\t\t\t\t\t\t\t\t\t\t\t\t\t<div class=\"tb-socio_1017\">\n\t\t\t\t\t\t\t\t\t\t\t\t\t\t\t\t\t\t\t\t\t<a href=\"#\" target=\"_blank\"><i class=\"fa fa-facebook\"><\/i><\/a>\t\t\t\t\t\t\t\t\t\t\t\t\t\t\t\t\t\t\t\t\t<a href=\"#\" target=\"_blank\"><i class=\"fa fa-twitter\"><\/i><\/a> \t\t\t\t\t\t\t\t\t\t\t\t\t\t\t\t\t\t\t\t\t<a href=\"#\" target=\"_blank\"><i class=\"fa fa-linkedin\"><\/i><\/a>\t\t\t\t\t\t\t\t\t<\/div>\n\t\t\t\t\t\t\t\t<\/div>\n\t\t\t\t\t\t\t<\/div>\n\t\t\t\t\t\t\t\t\t\t<\/div>\n\t\t\t\t\t\t\t\t<div class=\"col-md-3 single-team\">\n\t\t\t\t\t \t\t\t\t\t\t\t<div class=\"team-block_1017 content-center_1017\">\n\t\t\t\t\t\t\t\t<img src=\"https:\/\/ongulpt.org\/wp-content\/uploads\/2022\/12\/team5-300x300.jpeg\" class=\"img-responsive\" alt=\"\">\n\t\t\t\t\t\t\t\t<div class=\"team-three-content\">\n\t\t\t\t\t\t\t\t\t\t\t\t\t\t\t\t\t\t\t<h3>N&#039;GUESSAN Marcelle Tatiana<\/h3>\t\t\t\t\t\t\t\t\t\t\t\t\t\t\t\t\t\t\t<em>Charg\u00e9e de Mobilisation<\/em>\t\t\t\t\t\t\t\t\t\t\t\t\t\t\t\t\t\t<div class=\"tb-socio_1017\">\n\t\t\t\t\t\t\t\t\t\t\t\t\t\t\t\t\t\t\t\t\t<a href=\"#\" target=\"_blank\"><i class=\"fa fa-facebook\"><\/i><\/a>\t\t\t\t\t\t\t\t\t\t\t\t\t\t\t\t\t\t\t\t\t<a href=\"#\" target=\"_blank\"><i class=\"fa fa-twitter\"><\/i><\/a> \t\t\t\t\t\t\t\t\t\t\t\t\t\t\t\t\t\t\t\t\t<a href=\"#\" target=\"_blank\"><i class=\"fa fa-linkedin\"><\/i><\/a>\t\t\t\t\t\t\t\t\t<\/div>\n\t\t\t\t\t\t\t\t<\/div>\n\t\t\t\t\t\t\t<\/div>\n\t\t\t\t\t\t\t\t\t\t<\/div>\n\t\t\t\t\t\t\t\t<div class=\"col-md-3 single-team\">\n\t\t\t\t\t \t\t\t\t\t\t\t<div class=\"team-block_1017 content-center_1017\">\n\t\t\t\t\t\t\t\t<img src=\"https:\/\/ongulpt.org\/wp-content\/uploads\/2022\/12\/team6-300x300.png\" class=\"img-responsive\" alt=\"\">\n\t\t\t\t\t\t\t\t<div class=\"team-three-content\">\n\t\t\t\t\t\t\t\t\t\t\t\t\t\t\t\t\t\t\t<h3>LASME Gnigb\u00e9 Joli-Saint<\/h3>\t\t\t\t\t\t\t\t\t\t\t\t\t\t\t\t\t\t\t<em>Commissaire aux Comptes<\/em>\t\t\t\t\t\t\t\t\t\t\t\t\t\t\t\t\t\t<div class=\"tb-socio_1017\">\n\t\t\t\t\t\t\t\t\t\t\t\t\t\t\t\t\t\t\t\t\t<a href=\"#\" target=\"_blank\"><i class=\"fa fa-facebook\"><\/i><\/a>\t\t\t\t\t\t\t\t\t\t\t\t\t\t\t\t\t\t\t\t\t<a href=\"#\" target=\"_blank\"><i class=\"fa fa-twitter\"><\/i><\/a> \t\t\t\t\t\t\t\t\t\t\t\t\t\t\t\t\t\t\t\t\t<a href=\"#\" target=\"_blank\"><i class=\"fa fa-linkedin\"><\/i><\/a>\t\t\t\t\t\t\t\t\t<\/div>\n\t\t\t\t\t\t\t\t<\/div>\n\t\t\t\t\t\t\t<\/div>\n\t\t\t\t\t\t\t\t\t\t<\/div>\n\t\t\t\t\t\t\t\t<div class=\"col-md-3 single-team\">\n\t\t\t\t\t \t\t\t\t\t\t\t<div class=\"team-block_1017 content-center_1017\">\n\t\t\t\t\t\t\t\t<img src=\"https:\/\/ongulpt.org\/wp-content\/uploads\/2022\/12\/team7a-300x300.png\" class=\"img-responsive\" alt=\"\">\n\t\t\t\t\t\t\t\t<div class=\"team-three-content\">\n\t\t\t\t\t\t\t\t\t\t\t\t\t\t\t\t\t\t\t<h3>KONE Alimata<\/h3>\t\t\t\t\t\t\t\t\t\t\t\t\t\t\t\t\t\t\t<em>Charg\u00e9e de l&#039;Organisation<\/em>\t\t\t\t\t\t\t\t\t\t\t\t\t\t\t\t\t\t<div class=\"tb-socio_1017\">\n\t\t\t\t\t\t\t\t\t\t\t\t\t\t\t\t\t\t\t\t\t<a href=\"#\" target=\"_blank\"><i class=\"fa fa-facebook\"><\/i><\/a>\t\t\t\t\t\t\t\t\t\t\t\t\t\t\t\t\t\t\t\t\t<a href=\"#\" target=\"_blank\"><i class=\"fa fa-twitter\"><\/i><\/a> \t\t\t\t\t\t\t\t\t\t\t\t\t\t\t\t\t\t\t\t\t<a href=\"#\" target=\"_blank\"><i class=\"fa fa-linkedin\"><\/i><\/a>\t\t\t\t\t\t\t\t\t<\/div>\n\t\t\t\t\t\t\t\t<\/div>\n\t\t\t\t\t\t\t<\/div>\n\t\t\t\t\t\t\t\t\t\t<\/div>\n\t\t\t\t\t\t\t\t<div class=\"col-md-3 single-team\">\n\t\t\t\t\t \t\t\t\t\t\t\t<div class=\"team-block_1017 content-center_1017\">\n\t\t\t\t\t\t\t\t<img src=\"https:\/\/ongulpt.org\/wp-content\/uploads\/2023\/03\/Team8-300x300.jpg\" class=\"img-responsive\" alt=\"\">\n\t\t\t\t\t\t\t\t<div class=\"team-three-content\">\n\t\t\t\t\t\t\t\t\t\t\t\t\t\t\t\t\t\t\t<h3>Yannick KOUASSI<\/h3>\t\t\t\t\t\t\t\t\t\t\t\t\t\t\t\t\t\t\t<em>Charg\u00e9 de Communication<\/em>\t\t\t\t\t\t\t\t\t\t\t\t\t\t\t\t\t\t<div class=\"tb-socio_1017\">\n\t\t\t\t\t\t\t\t\t\t\t\t\t\t\t\t\t\t\t\t\t<a href=\"https:\/\/www.facebook.com\/kouame.yannick.52\" target=\"_blank\"><i class=\"fa fa-facebook\"><\/i><\/a>\t\t\t\t\t\t\t\t\t\t\t\t\t\t\t\t\t\t\t\t\t<a href=\"https:\/\/twitter.com\/Stopyra01\" target=\"_blank\"><i class=\"fa fa-twitter\"><\/i><\/a> \t\t\t\t\t\t\t\t\t\t\t\t\t\t\t\t\t\t\t\t\t<a href=\"https:\/\/www.linkedin.com\/in\/yannick-kouassi-a43872120\/\" target=\"_blank\"><i class=\"fa fa-linkedin\"><\/i><\/a>\t\t\t\t\t\t\t\t\t<\/div>\n\t\t\t\t\t\t\t\t<\/div>\n\t\t\t\t\t\t\t<\/div>\n\t\t\t\t\t\t\t\t\t\t<\/div>\n\t\t\t\t<\/div>\n<script>\njQuery(document).ready(function () {\n\t\/\/ isotope effect function\n\t\/\/ Method 1 - Initialize Isotope, then trigger layout after each Team loads.\n\tvar $grid = jQuery('.all-team').isotope({\n\t\t\/\/ options...\n\t\titemSelector: '.single-team',\n\t});\n\t\/\/ layout Isotope after each Team loads\n\t$grid.imagesLoaded().progress( function() {\n\t\t$grid.isotope('layout');\n\t});\n});\n<\/script>\n<style>\n\/* Team block *\/\n\n.team-block_1017 h3 {\n  font-size: 20px;\n  padding-top: 13px;\n  margin-bottom: 2px;\n  font-weight: 600;\n  color: #031117;\n}\n.team-block_1017 img {\n  min-width: 100%;\n}\n.team-block_1017 .team-three-content {\n\tbox-shadow: 0 0 5px rgba(0, 0, 0, 0.15);\n\tpadding: 1px;\n}\n.team-block_1017 p {\n  color: #000000;\n}\n.content-center_1017 {\n  text-align: center;\n  margin: 10px 1px;\n}\n.team-block_1017 em {\n  color: #36af5a;\n  display: block;\n  margin-bottom: 12px;\n}\n.tb-socio_1017 {\n  padding-top: 10px;\n  padding-bottom: 10px;\n  text-align: center;\n}\n.tb-socio_1017 .fa {\n  width: 33px;\n  height: 33px;\n  color: #b3bdc6;\n  border-radius: 50% !important;\n  border: solid 1px #d5d5d5;\n  font-size: 19px;\n  line-height: 19px;\n  margin: 0 7px;\n  padding-top: 7px;\n}\n.tb-socio_1017 .fa:hover {\n  color: #36af5a;\n  border: solid 1px #36af5a;\n  text-decoration: none;\n}\n<\/style>\n<style>\t\n\t<\/style>\t\n\t<\/p>\n<\/div><\/div><\/div><\/div><\/div>","protected":false},"excerpt":{"rendered":"<p>AYIVOR Jean L\u00e9a Pr\u00e9sidente AYIVOR Jean L\u00e9a Vice pr\u00e9sidente KOUAKOU Membre KOUAKOU Membre<\/p>\n","protected":false},"author":1,"featured_media":0,"parent":0,"menu_order":0,"comment_status":"closed","ping_status":"closed","template":"page-fullwidth.php","meta":{"om_disable_all_campaigns":false,"_mi_skip_tracking":false,"kt_blocks_editor_width":""},"aioseo_notices":[],"_links":{"self":[{"href":"https:\/\/ongulpt.org\/index.php?rest_route=\/wp\/v2\/pages\/919"}],"collection":[{"href":"https:\/\/ongulpt.org\/index.php?rest_route=\/wp\/v2\/pages"}],"about":[{"href":"https:\/\/ongulpt.org\/index.php?rest_route=\/wp\/v2\/types\/page"}],"author":[{"embeddable":true,"href":"https:\/\/ongulpt.org\/index.php?rest_route=\/wp\/v2\/users\/1"}],"replies":[{"embeddable":true,"href":"https:\/\/ongulpt.org\/index.php?rest_route=%2Fwp%2Fv2%2Fcomments&post=919"}],"version-history":[{"count":3,"href":"https:\/\/ongulpt.org\/index.php?rest_route=\/wp\/v2\/pages\/919\/revisions"}],"predecessor-version":[{"id":1020,"href":"https:\/\/ongulpt.org\/index.php?rest_route=\/wp\/v2\/pages\/919\/revisions\/1020"}],"wp:attachment":[{"href":"https:\/\/ongulpt.org\/index.php?rest_route=%2Fwp%2Fv2%2Fmedia&parent=919"}],"curies":[{"name":"wp","href":"https:\/\/api.w.org\/{rel}","templated":true}]}}