{"id":925,"date":"2022-11-25T12:07:49","date_gmt":"2022-11-25T12:07:49","guid":{"rendered":"https:\/\/ongulpt.org\/?page_id=925"},"modified":"2022-12-27T10:43:12","modified_gmt":"2022-12-27T10:43:12","slug":"etre-benevoles","status":"publish","type":"page","link":"https:\/\/ongulpt.org\/?page_id=925","title":{"rendered":"\u00catre b\u00e9n\u00e9voles"},"content":{"rendered":"<div id=\"pl-925\"  class=\"panel-layout\" ><div id=\"pg-925-0\"  class=\"panel-grid panel-no-style\" ><div id=\"pgc-925-0-0\"  class=\"panel-grid-cell\" ><div id=\"panel-925-0-0-0\" class=\"so-panel widget widget_black-studio-tinymce widget_black_studio_tinymce panel-first-child panel-last-child\" data-index=\"0\" ><div class=\"textwidget\"><\/div><\/div><\/div><div id=\"pgc-925-0-1\"  class=\"panel-grid-cell\" ><div id=\"panel-925-0-1-0\" class=\"so-panel widget widget_black-studio-tinymce widget_black_studio_tinymce panel-first-child panel-last-child\" data-index=\"1\" ><div class=\"textwidget\"><p><div class=\"wpforms-container wpforms-container-full\" id=\"wpforms-991\"><form id=\"wpforms-form-991\" class=\"wpforms-validate wpforms-form wpforms-ajax-form\" data-formid=\"991\" method=\"post\" enctype=\"multipart\/form-data\" action=\"\/index.php?rest_route=%2Fwp%2Fv2%2Fpages%2F925\" data-token=\"999727635adec95ef3949d62ac7f151b\"><noscript class=\"wpforms-error-noscript\">Veuillez activer JavaScript dans votre navigateur pour remplir ce formulaire.<\/noscript><div class=\"wpforms-field-container\"><div id=\"wpforms-991-field_0-container\" class=\"wpforms-field wpforms-field-name\" data-field-id=\"0\"><label class=\"wpforms-field-label\" for=\"wpforms-991-field_0\">Nom <span class=\"wpforms-required-label\">*<\/span><\/label><div class=\"wpforms-field-row wpforms-field-medium\"><div class=\"wpforms-field-row-block wpforms-first wpforms-one-half\"><input type=\"text\" id=\"wpforms-991-field_0\" class=\"wpforms-field-name-first wpforms-field-required\" name=\"wpforms[fields][0][first]\" required><label for=\"wpforms-991-field_0\" class=\"wpforms-field-sublabel after \">Pr\u00e9nom<\/label><\/div><div class=\"wpforms-field-row-block wpforms-one-half\"><input type=\"text\" id=\"wpforms-991-field_0-last\" class=\"wpforms-field-name-last wpforms-field-required\" name=\"wpforms[fields][0][last]\" required><label for=\"wpforms-991-field_0-last\" class=\"wpforms-field-sublabel after \">Nom<\/label><\/div><\/div><\/div><div id=\"wpforms-991-field_1-container\" class=\"wpforms-field wpforms-field-email\" data-field-id=\"1\"><label class=\"wpforms-field-label\" for=\"wpforms-991-field_1\">E-mail <span class=\"wpforms-required-label\">*<\/span><\/label><input type=\"email\" id=\"wpforms-991-field_1\" class=\"wpforms-field-medium wpforms-field-required\" name=\"wpforms[fields][1]\" spellcheck=\"false\" required><\/div><div id=\"wpforms-991-field_4-container\" class=\"wpforms-field wpforms-field-text\" data-field-id=\"4\"><label class=\"wpforms-field-label\" for=\"wpforms-991-field_4\">Date de naissance <span class=\"wpforms-required-label\">*<\/span><\/label><input type=\"text\" id=\"wpforms-991-field_4\" class=\"wpforms-field-medium wpforms-field-required\" name=\"wpforms[fields][4]\" required><\/div><div id=\"wpforms-991-field_5-container\" class=\"wpforms-field wpforms-field-text\" data-field-id=\"5\"><label class=\"wpforms-field-label\" for=\"wpforms-991-field_5\">Commune de r\u00e9sidence <span class=\"wpforms-required-label\">*<\/span><\/label><input type=\"text\" id=\"wpforms-991-field_5\" class=\"wpforms-field-medium wpforms-field-required\" name=\"wpforms[fields][5]\" required><\/div><div id=\"wpforms-991-field_6-container\" class=\"wpforms-field wpforms-field-text\" data-field-id=\"6\"><label class=\"wpforms-field-label\" for=\"wpforms-991-field_6\">T\u00e9l\u00e9phone <span class=\"wpforms-required-label\">*<\/span><\/label><input type=\"text\" id=\"wpforms-991-field_6\" class=\"wpforms-field-medium wpforms-field-required\" name=\"wpforms[fields][6]\" required><\/div><div id=\"wpforms-991-field_7-container\" class=\"wpforms-field wpforms-field-select wpforms-field-select-style-classic\" data-field-id=\"7\"><label class=\"wpforms-field-label\" for=\"wpforms-991-field_7\">Situation actuelle <span class=\"wpforms-required-label\">*<\/span><\/label><select id=\"wpforms-991-field_7\" class=\"wpforms-field-medium wpforms-field-required\" name=\"wpforms[fields][7]\" required=\"required\"><option value=\"En activit\u00e9\"  selected='selected'>En activit\u00e9<\/option><option value=\"Retrait\u00e9\" >Retrait\u00e9<\/option><option value=\"\u00c9tudiant(e)\" >\u00c9tudiant(e)<\/option><option value=\"Recherche d&#039;emploi\" >Recherche d&#039;emploi<\/option><option value=\"Autres\" >Autres<\/option><\/select><\/div><div id=\"wpforms-991-field_8-container\" class=\"wpforms-field wpforms-field-radio\" data-field-id=\"8\"><label class=\"wpforms-field-label\" for=\"wpforms-991-field_8\">Disponibilit\u00e9 <span class=\"wpforms-required-label\">*<\/span><\/label><ul id=\"wpforms-991-field_8\" class=\"wpforms-field-required\"><li class=\"choice-1 depth-1 wpforms-selected\"><input type=\"radio\" id=\"wpforms-991-field_8_1\" name=\"wpforms[fields][8]\" value=\"1 heure\" required  checked='checked'><label class=\"wpforms-field-label-inline\" for=\"wpforms-991-field_8_1\">1 heure<\/label><\/li><li class=\"choice-2 depth-1\"><input type=\"radio\" id=\"wpforms-991-field_8_2\" name=\"wpforms[fields][8]\" value=\"2 heure\" required ><label class=\"wpforms-field-label-inline\" for=\"wpforms-991-field_8_2\">2 heure<\/label><\/li><li class=\"choice-3 depth-1\"><input type=\"radio\" id=\"wpforms-991-field_8_3\" name=\"wpforms[fields][8]\" value=\"1\/2 journ\u00e9e\" required ><label class=\"wpforms-field-label-inline\" for=\"wpforms-991-field_8_3\">1\/2 journ\u00e9e<\/label><\/li><li class=\"choice-4 depth-1\"><input type=\"radio\" id=\"wpforms-991-field_8_4\" name=\"wpforms[fields][8]\" value=\"1 journ\u00e9e\" required ><label class=\"wpforms-field-label-inline\" for=\"wpforms-991-field_8_4\">1 journ\u00e9e<\/label><\/li><li class=\"choice-5 depth-1\"><input type=\"radio\" id=\"wpforms-991-field_8_5\" name=\"wpforms[fields][8]\" value=\"2\/3 jours par semaine\" required ><label class=\"wpforms-field-label-inline\" for=\"wpforms-991-field_8_5\">2\/3 jours par semaine<\/label><\/li><\/ul><\/div><div id=\"wpforms-991-field_10-container\" class=\"wpforms-field wpforms-field-textarea\" data-field-id=\"10\"><label class=\"wpforms-field-label\" for=\"wpforms-991-field_10\">Motivations <span class=\"wpforms-required-label\">*<\/span><\/label><textarea id=\"wpforms-991-field_10\" class=\"wpforms-field-medium wpforms-field-required\" name=\"wpforms[fields][10]\" required><\/textarea><\/div><\/div><!-- .wpforms-field-container --><div class=\"wpforms-submit-container\" ><input type=\"hidden\" name=\"wpforms[id]\" value=\"991\"><input type=\"hidden\" name=\"wpforms[author]\" value=\"1\"><button type=\"submit\" name=\"wpforms[submit]\" id=\"wpforms-submit-991\" class=\"wpforms-submit\" data-alt-text=\"Envoi...\" data-submit-text=\"Envoyer\" aria-live=\"assertive\" value=\"wpforms-submit\">Envoyer<\/button><img src=\"https:\/\/ongulpt.org\/wp-content\/plugins\/wpforms-lite\/assets\/images\/submit-spin.svg\" class=\"wpforms-submit-spinner\" style=\"display: none;\" width=\"26\" height=\"26\" alt=\"Chargement en cours\"><\/div><\/form><\/div>  <!-- .wpforms-container --><\/p>\n<\/div><\/div><\/div><div id=\"pgc-925-0-2\"  class=\"panel-grid-cell\" ><div id=\"panel-925-0-2-0\" class=\"so-panel widget widget_black-studio-tinymce widget_black_studio_tinymce panel-first-child panel-last-child\" data-index=\"2\" ><div class=\"textwidget\"><\/div><\/div><\/div><\/div><\/div>","protected":false},"excerpt":{"rendered":"<p>Veuillez activer JavaScript dans votre navigateur pour remplir ce formulaire.Nom *Pr\u00e9nomNomE-mail *Date de naissance *Commune de r\u00e9sidence *T\u00e9l\u00e9phone *Situation actuelle *En activit\u00e9Retrait\u00e9\u00c9tudiant(e)Recherche d&#039;emploiAutresDisponibilit\u00e9 *1 heure2 heure1\/2 journ\u00e9e1 journ\u00e9e2\/3 jours par semaineMotivations *Envoyer<\/p>\n","protected":false},"author":1,"featured_media":0,"parent":0,"menu_order":0,"comment_status":"closed","ping_status":"closed","template":"page-fullwidth.php","meta":{"om_disable_all_campaigns":false,"_mi_skip_tracking":false,"kt_blocks_editor_width":""},"aioseo_notices":[],"_links":{"self":[{"href":"https:\/\/ongulpt.org\/index.php?rest_route=\/wp\/v2\/pages\/925"}],"collection":[{"href":"https:\/\/ongulpt.org\/index.php?rest_route=\/wp\/v2\/pages"}],"about":[{"href":"https:\/\/ongulpt.org\/index.php?rest_route=\/wp\/v2\/types\/page"}],"author":[{"embeddable":true,"href":"https:\/\/ongulpt.org\/index.php?rest_route=\/wp\/v2\/users\/1"}],"replies":[{"embeddable":true,"href":"https:\/\/ongulpt.org\/index.php?rest_route=%2Fwp%2Fv2%2Fcomments&post=925"}],"version-history":[{"count":7,"href":"https:\/\/ongulpt.org\/index.php?rest_route=\/wp\/v2\/pages\/925\/revisions"}],"predecessor-version":[{"id":1132,"href":"https:\/\/ongulpt.org\/index.php?rest_route=\/wp\/v2\/pages\/925\/revisions\/1132"}],"wp:attachment":[{"href":"https:\/\/ongulpt.org\/index.php?rest_route=%2Fwp%2Fv2%2Fmedia&parent=925"}],"curies":[{"name":"wp","href":"https:\/\/api.w.org\/{rel}","templated":true}]}}